{"id":595,"date":"2019-06-12T14:41:22","date_gmt":"2019-06-12T12:41:22","guid":{"rendered":"http:\/\/www.axxiss.be\/?page_id=595"},"modified":"2024-01-06T07:35:40","modified_gmt":"2024-01-06T06:35:40","slug":"support","status":"publish","type":"page","link":"https:\/\/www.axxiss.be\/index.php\/support\/","title":{"rendered":"Support"},"content":{"rendered":"<p>[et_pb_section fb_built=\u00a0\u00bb1&Prime; fullwidth=\u00a0\u00bbon\u00a0\u00bb custom_padding_last_edited=\u00a0\u00bbon|phone\u00a0\u00bb _builder_version=\u00a0\u00bb4.16&Prime; background_color=\u00a0\u00bb#ffffff\u00a0\u00bb custom_padding=\u00a0\u00bb0px||0px||true\u00a0\u00bb custom_padding_tablet=\u00a0\u00bb0px|0|0px|0|true\u00a0\u00bb custom_padding_phone=\u00a0\u00bb\u00a0\u00bb transparent_background=\u00a0\u00bboff\u00a0\u00bb global_colors_info=\u00a0\u00bb{}\u00a0\u00bb][et_pb_fullwidth_header title=\u00a0\u00bbSupport technique Axxiss\u00a0\u00bb text_orientation=\u00a0\u00bbcenter\u00a0\u00bb background_overlay_color=\u00a0\u00bbrgba(0,0,0,0.33)\u00a0\u00bb _builder_version=\u00a0\u00bb4.16&Prime; title_font_size=\u00a0\u00bb48px\u00a0\u00bb subhead_font=\u00a0\u00bbJosefin Sans||||||||\u00a0\u00bb background_color=\u00a0\u00bbrgba(255,255,255,0)\u00a0\u00bb background_image=\u00a0\u00bbhttps:\/\/www.axxiss.be\/wp-content\/uploads\/2019\/10\/Axxiss_Contact_2500.jpg\u00a0\u00bb max_width_tablet=\u00a0\u00bb50px\u00a0\u00bb title_font_size_tablet=\u00a0\u00bb\u00a0\u00bb title_font_size_phone=\u00a0\u00bb36px\u00a0\u00bb title_font_size_last_edited=\u00a0\u00bbon|phone\u00a0\u00bb custom_css_main_element=\u00a0\u00bbpadding-top: 30px;||padding-bottom: 85px;\u00a0\u00bb global_colors_info=\u00a0\u00bb{}\u00a0\u00bb button_one_text_size__hover_enabled=\u00a0\u00bboff\u00a0\u00bb button_two_text_size__hover_enabled=\u00a0\u00bboff\u00a0\u00bb button_one_text_color__hover_enabled=\u00a0\u00bboff\u00a0\u00bb button_two_text_color__hover_enabled=\u00a0\u00bboff\u00a0\u00bb button_one_border_width__hover_enabled=\u00a0\u00bboff\u00a0\u00bb button_two_border_width__hover_enabled=\u00a0\u00bboff\u00a0\u00bb button_one_border_color__hover_enabled=\u00a0\u00bboff\u00a0\u00bb button_two_border_color__hover_enabled=\u00a0\u00bboff\u00a0\u00bb button_one_border_radius__hover_enabled=\u00a0\u00bboff\u00a0\u00bb button_two_border_radius__hover_enabled=\u00a0\u00bboff\u00a0\u00bb button_one_letter_spacing__hover_enabled=\u00a0\u00bboff\u00a0\u00bb button_two_letter_spacing__hover_enabled=\u00a0\u00bboff\u00a0\u00bb button_one_bg_color__hover_enabled=\u00a0\u00bboff\u00a0\u00bb button_two_bg_color__hover_enabled=\u00a0\u00bboff\u00a0\u00bb][\/et_pb_fullwidth_header][\/et_pb_section][et_pb_section fb_built=\u00a0\u00bb1&Prime; custom_padding_last_edited=\u00a0\u00bbon|phone\u00a0\u00bb admin_label=\u00a0\u00bbsection\u00a0\u00bb module_id=\u00a0\u00bbfeatures\u00a0\u00bb _builder_version=\u00a0\u00bb4.16&Prime; background_color=\u00a0\u00bb#ffffff\u00a0\u00bb custom_padding=\u00a0\u00bb80px||80px|\u00a0\u00bb custom_padding_tablet=\u00a0\u00bb50px||50px|\u00a0\u00bb custom_padding_phone=\u00a0\u00bb30px||30px|\u00a0\u00bb transparent_background=\u00a0\u00bboff\u00a0\u00bb padding_mobile=\u00a0\u00bbon\u00a0\u00bb global_colors_info=\u00a0\u00bb{}\u00a0\u00bb][et_pb_row column_structure=\u00a0\u00bb1_2,1_2&Prime; _builder_version=\u00a0\u00bb4.16&Prime; global_colors_info=\u00a0\u00bb{}\u00a0\u00bb][et_pb_column type=\u00a0\u00bb1_2&Prime; _builder_version=\u00a0\u00bb4.16&Prime; custom_padding=\u00a0\u00bb|||\u00a0\u00bb global_colors_info=\u00a0\u00bb{}\u00a0\u00bb custom_padding__hover=\u00a0\u00bb|||\u00a0\u00bb][et_pb_image src=\u00a0\u00bbhttps:\/\/www.axxiss.be\/wp-content\/uploads\/2019\/06\/Support.jpg\u00a0\u00bb align=\u00a0\u00bbcenter\u00a0\u00bb _builder_version=\u00a0\u00bb4.23.4&Prime; module_alignment=\u00a0\u00bbcenter\u00a0\u00bb hover_enabled=\u00a0\u00bb0&Prime; global_colors_info=\u00a0\u00bb{}\u00a0\u00bb force_fullwidth=\u00a0\u00bbon\u00a0\u00bb custom_margin=\u00a0\u00bb||||false|false\u00a0\u00bb custom_padding=\u00a0\u00bb||||false|false\u00a0\u00bb sticky_enabled=\u00a0\u00bb0&Prime;][\/et_pb_image][\/et_pb_column][et_pb_column type=\u00a0\u00bb1_2&Prime; _builder_version=\u00a0\u00bb4.16&Prime; custom_padding=\u00a0\u00bb|||\u00a0\u00bb global_colors_info=\u00a0\u00bb{}\u00a0\u00bb custom_padding__hover=\u00a0\u00bb|||\u00a0\u00bb][et_pb_text _builder_version=\u00a0\u00bb4.16&Prime; text_font=\u00a0\u00bb||||||||\u00a0\u00bb global_colors_info=\u00a0\u00bb{}\u00a0\u00bb]<\/p>\n<h3>Contr\u00f4le \u00e0 distance<\/h3>\n<p>[\/et_pb_text][et_pb_text _builder_version=\u00a0\u00bb4.16&Prime; global_colors_info=\u00a0\u00bb{}\u00a0\u00bb]T\u00e9l\u00e9chargez notre logiciel de contr\u00f4le \u00e0 distance afin que nous puissions vous aider.[\/et_pb_text][et_pb_button button_url=\u00a0\u00bbhttps:\/\/www.axxiss.re\/TeamViewer_Axxiss.exe\u00a0\u00bb button_text=\u00a0\u00bbT\u00e9l\u00e9charger Teamviewer\u00a0\u00bb _builder_version=\u00a0\u00bb4.23.4&Prime; global_colors_info=\u00a0\u00bb{}\u00a0\u00bb][\/et_pb_button][et_pb_button button_url=\u00a0\u00bbhttps:\/\/axxiss.re\/rustdesk-1.2.3-x86_64.exe\u00a0\u00bb button_text=\u00a0\u00bbT\u00e9l\u00e9charger RustDesk\u00a0\u00bb _builder_version=\u00a0\u00bb4.23.4&Prime; global_colors_info=\u00a0\u00bb{}\u00a0\u00bb][\/et_pb_button][\/et_pb_column][\/et_pb_row][\/et_pb_section]<\/p>\n","protected":false},"excerpt":{"rendered":"<p>[et_pb_section fb_built=\u00a0\u00bb1&Prime; fullwidth=\u00a0\u00bbon\u00a0\u00bb custom_padding_last_edited=\u00a0\u00bbon|phone\u00a0\u00bb _builder_version=\u00a0\u00bb4.16&Prime; background_color=\u00a0\u00bb#ffffff\u00a0\u00bb custom_padding=\u00a0\u00bb0px||0px||true\u00a0\u00bb custom_padding_tablet=\u00a0\u00bb0px|0|0px|0|true\u00a0\u00bb custom_padding_phone=\u00a0\u00bb\u00a0\u00bb transparent_background=\u00a0\u00bboff\u00a0\u00bb global_colors_info=\u00a0\u00bb{}\u00a0\u00bb][et_pb_fullwidth_header title=\u00a0\u00bbSupport technique Axxiss\u00a0\u00bb text_orientation=\u00a0\u00bbcenter\u00a0\u00bb background_overlay_color=\u00a0\u00bbrgba(0,0,0,0.33)\u00a0\u00bb _builder_version=\u00a0\u00bb4.16&Prime; title_font_size=\u00a0\u00bb48px\u00a0\u00bb subhead_font=\u00a0\u00bbJosefin Sans||||||||\u00a0\u00bb background_color=\u00a0\u00bbrgba(255,255,255,0)\u00a0\u00bb background_image=\u00a0\u00bbhttps:\/\/www.axxiss.be\/wp-content\/uploads\/2019\/10\/Axxiss_Contact_2500.jpg\u00a0\u00bb max_width_tablet=\u00a0\u00bb50px\u00a0\u00bb title_font_size_tablet=\u00a0\u00bb\u00a0\u00bb title_font_size_phone=\u00a0\u00bb36px\u00a0\u00bb title_font_size_last_edited=\u00a0\u00bbon|phone\u00a0\u00bb custom_css_main_element=\u00a0\u00bbpadding-top: 30px;||padding-bottom: 85px;\u00a0\u00bb global_colors_info=\u00a0\u00bb{}\u00a0\u00bb button_one_text_size__hover_enabled=\u00a0\u00bboff\u00a0\u00bb button_two_text_size__hover_enabled=\u00a0\u00bboff\u00a0\u00bb button_one_text_color__hover_enabled=\u00a0\u00bboff\u00a0\u00bb button_two_text_color__hover_enabled=\u00a0\u00bboff\u00a0\u00bb button_one_border_width__hover_enabled=\u00a0\u00bboff\u00a0\u00bb button_two_border_width__hover_enabled=\u00a0\u00bboff\u00a0\u00bb button_one_border_color__hover_enabled=\u00a0\u00bboff\u00a0\u00bb button_two_border_color__hover_enabled=\u00a0\u00bboff\u00a0\u00bb button_one_border_radius__hover_enabled=\u00a0\u00bboff\u00a0\u00bb button_two_border_radius__hover_enabled=\u00a0\u00bboff\u00a0\u00bb button_one_letter_spacing__hover_enabled=\u00a0\u00bboff\u00a0\u00bb button_two_letter_spacing__hover_enabled=\u00a0\u00bboff\u00a0\u00bb button_one_bg_color__hover_enabled=\u00a0\u00bboff\u00a0\u00bb button_two_bg_color__hover_enabled=\u00a0\u00bboff\u00a0\u00bb][\/et_pb_fullwidth_header][\/et_pb_section][et_pb_section fb_built=\u00a0\u00bb1&Prime; custom_padding_last_edited=\u00a0\u00bbon|phone\u00a0\u00bb admin_label=\u00a0\u00bbsection\u00a0\u00bb module_id=\u00a0\u00bbfeatures\u00a0\u00bb _builder_version=\u00a0\u00bb4.16&Prime; background_color=\u00a0\u00bb#ffffff\u00a0\u00bb custom_padding=\u00a0\u00bb80px||80px|\u00a0\u00bb custom_padding_tablet=\u00a0\u00bb50px||50px|\u00a0\u00bb custom_padding_phone=\u00a0\u00bb30px||30px|\u00a0\u00bb transparent_background=\u00a0\u00bboff\u00a0\u00bb padding_mobile=\u00a0\u00bbon\u00a0\u00bb [&hellip;]<\/p>\n","protected":false},"author":1,"featured_media":0,"parent":0,"menu_order":0,"comment_status":"closed","ping_status":"closed","template":"","meta":{"_et_pb_use_builder":"on","_et_pb_old_content":"","_et_gb_content_width":"","_custom_body_class":"fadeWithPadding","_custom_post_class":"","_exactmetrics_skip_tracking":false,"_exactmetrics_sitenote_active":false,"_exactmetrics_sitenote_note":"","_exactmetrics_sitenote_category":0,"footnotes":""},"class_list":["post-595","page","type-page","status-publish","hentry"],"yoast_head":"<!-- This site is optimized with the Yoast SEO plugin v27.1.1 - https:\/\/yoast.com\/product\/yoast-seo-wordpress\/ -->\n<title>axxiss.be | aide et support<\/title>\n<meta name=\"description\" content=\"Laissez-nous vous aider, nous allons trouver des solutions.\" \/>\n<meta name=\"robots\" content=\"index, follow, max-snippet:-1, max-image-preview:large, max-video-preview:-1\" \/>\n<link rel=\"canonical\" href=\"https:\/\/www.axxiss.be\/index.php\/support\/\" \/>\n<meta property=\"og:locale\" content=\"fr_FR\" \/>\n<meta property=\"og:type\" content=\"article\" \/>\n<meta property=\"og:title\" content=\"axxiss.be | aide et support\" \/>\n<meta property=\"og:description\" content=\"Laissez-nous vous aider, nous allons trouver des solutions.\" \/>\n<meta property=\"og:url\" content=\"https:\/\/www.axxiss.be\/index.php\/support\/\" \/>\n<meta property=\"og:site_name\" content=\"axxiss.be\" \/>\n<meta property=\"article:publisher\" content=\"https:\/\/www.facebook.com\/pg\/Axxiss-115147536553033\" \/>\n<meta property=\"article:modified_time\" content=\"2024-01-06T06:35:40+00:00\" \/>\n<meta property=\"og:image\" content=\"https:\/\/www.axxiss.be\/wp-content\/uploads\/2020\/06\/Entete_logo_Axxiss.jpg\" \/>\n\t<meta property=\"og:image:width\" content=\"565\" \/>\n\t<meta property=\"og:image:height\" content=\"300\" \/>\n\t<meta property=\"og:image:type\" content=\"image\/jpeg\" \/>\n<meta name=\"twitter:card\" content=\"summary_large_image\" \/>\n<meta name=\"twitter:label1\" content=\"Dur\u00e9e de lecture estim\u00e9e\" \/>\n\t<meta name=\"twitter:data1\" content=\"2 minutes\" \/>\n<script type=\"application\/ld+json\" class=\"yoast-schema-graph\">{\"@context\":\"https:\/\/schema.org\",\"@graph\":[{\"@type\":\"WebPage\",\"@id\":\"https:\/\/www.axxiss.be\/index.php\/support\/\",\"url\":\"https:\/\/www.axxiss.be\/index.php\/support\/\",\"name\":\"axxiss.be | aide et support\",\"isPartOf\":{\"@id\":\"https:\/\/www.axxiss.be\/#website\"},\"datePublished\":\"2019-06-12T12:41:22+00:00\",\"dateModified\":\"2024-01-06T06:35:40+00:00\",\"description\":\"Laissez-nous vous aider, nous allons trouver des solutions.\",\"breadcrumb\":{\"@id\":\"https:\/\/www.axxiss.be\/index.php\/support\/#breadcrumb\"},\"inLanguage\":\"fr-FR\",\"potentialAction\":[{\"@type\":\"ReadAction\",\"target\":[\"https:\/\/www.axxiss.be\/index.php\/support\/\"]}]},{\"@type\":\"BreadcrumbList\",\"@id\":\"https:\/\/www.axxiss.be\/index.php\/support\/#breadcrumb\",\"itemListElement\":[{\"@type\":\"ListItem\",\"position\":1,\"name\":\"Accueil\",\"item\":\"https:\/\/www.axxiss.be\/\"},{\"@type\":\"ListItem\",\"position\":2,\"name\":\"Support\"}]},{\"@type\":\"WebSite\",\"@id\":\"https:\/\/www.axxiss.be\/#website\",\"url\":\"https:\/\/www.axxiss.be\/\",\"name\":\"axxiss.be\",\"description\":\"D\u00e9veloppement de logiciels sur-mesure\",\"publisher\":{\"@id\":\"https:\/\/www.axxiss.be\/#organization\"},\"potentialAction\":[{\"@type\":\"SearchAction\",\"target\":{\"@type\":\"EntryPoint\",\"urlTemplate\":\"https:\/\/www.axxiss.be\/?s={search_term_string}\"},\"query-input\":{\"@type\":\"PropertyValueSpecification\",\"valueRequired\":true,\"valueName\":\"search_term_string\"}}],\"inLanguage\":\"fr-FR\"},{\"@type\":\"Organization\",\"@id\":\"https:\/\/www.axxiss.be\/#organization\",\"name\":\"Axxiss\",\"url\":\"https:\/\/www.axxiss.be\/\",\"logo\":{\"@type\":\"ImageObject\",\"inLanguage\":\"fr-FR\",\"@id\":\"https:\/\/www.axxiss.be\/#\/schema\/logo\/image\/\",\"url\":\"https:\/\/www.axxiss.be\/wp-content\/uploads\/2019\/05\/logo_axxiss_vertical.jpg\",\"contentUrl\":\"https:\/\/www.axxiss.be\/wp-content\/uploads\/2019\/05\/logo_axxiss_vertical.jpg\",\"width\":457,\"height\":484,\"caption\":\"Axxiss\"},\"image\":{\"@id\":\"https:\/\/www.axxiss.be\/#\/schema\/logo\/image\/\"},\"sameAs\":[\"https:\/\/www.facebook.com\/pg\/Axxiss-115147536553033\",\"https:\/\/www.linkedin.com\/company\/axxiss\"]}]}<\/script>\n<!-- \/ Yoast SEO plugin. -->","yoast_head_json":{"title":"axxiss.be | aide et support","description":"Laissez-nous vous aider, nous allons trouver des solutions.","robots":{"index":"index","follow":"follow","max-snippet":"max-snippet:-1","max-image-preview":"max-image-preview:large","max-video-preview":"max-video-preview:-1"},"canonical":"https:\/\/www.axxiss.be\/index.php\/support\/","og_locale":"fr_FR","og_type":"article","og_title":"axxiss.be | aide et support","og_description":"Laissez-nous vous aider, nous allons trouver des solutions.","og_url":"https:\/\/www.axxiss.be\/index.php\/support\/","og_site_name":"axxiss.be","article_publisher":"https:\/\/www.facebook.com\/pg\/Axxiss-115147536553033","article_modified_time":"2024-01-06T06:35:40+00:00","og_image":[{"width":565,"height":300,"url":"https:\/\/www.axxiss.be\/wp-content\/uploads\/2020\/06\/Entete_logo_Axxiss.jpg","type":"image\/jpeg"}],"twitter_card":"summary_large_image","twitter_misc":{"Dur\u00e9e de lecture estim\u00e9e":"2 minutes"},"schema":{"@context":"https:\/\/schema.org","@graph":[{"@type":"WebPage","@id":"https:\/\/www.axxiss.be\/index.php\/support\/","url":"https:\/\/www.axxiss.be\/index.php\/support\/","name":"axxiss.be | aide et support","isPartOf":{"@id":"https:\/\/www.axxiss.be\/#website"},"datePublished":"2019-06-12T12:41:22+00:00","dateModified":"2024-01-06T06:35:40+00:00","description":"Laissez-nous vous aider, nous allons trouver des solutions.","breadcrumb":{"@id":"https:\/\/www.axxiss.be\/index.php\/support\/#breadcrumb"},"inLanguage":"fr-FR","potentialAction":[{"@type":"ReadAction","target":["https:\/\/www.axxiss.be\/index.php\/support\/"]}]},{"@type":"BreadcrumbList","@id":"https:\/\/www.axxiss.be\/index.php\/support\/#breadcrumb","itemListElement":[{"@type":"ListItem","position":1,"name":"Accueil","item":"https:\/\/www.axxiss.be\/"},{"@type":"ListItem","position":2,"name":"Support"}]},{"@type":"WebSite","@id":"https:\/\/www.axxiss.be\/#website","url":"https:\/\/www.axxiss.be\/","name":"axxiss.be","description":"D\u00e9veloppement de logiciels sur-mesure","publisher":{"@id":"https:\/\/www.axxiss.be\/#organization"},"potentialAction":[{"@type":"SearchAction","target":{"@type":"EntryPoint","urlTemplate":"https:\/\/www.axxiss.be\/?s={search_term_string}"},"query-input":{"@type":"PropertyValueSpecification","valueRequired":true,"valueName":"search_term_string"}}],"inLanguage":"fr-FR"},{"@type":"Organization","@id":"https:\/\/www.axxiss.be\/#organization","name":"Axxiss","url":"https:\/\/www.axxiss.be\/","logo":{"@type":"ImageObject","inLanguage":"fr-FR","@id":"https:\/\/www.axxiss.be\/#\/schema\/logo\/image\/","url":"https:\/\/www.axxiss.be\/wp-content\/uploads\/2019\/05\/logo_axxiss_vertical.jpg","contentUrl":"https:\/\/www.axxiss.be\/wp-content\/uploads\/2019\/05\/logo_axxiss_vertical.jpg","width":457,"height":484,"caption":"Axxiss"},"image":{"@id":"https:\/\/www.axxiss.be\/#\/schema\/logo\/image\/"},"sameAs":["https:\/\/www.facebook.com\/pg\/Axxiss-115147536553033","https:\/\/www.linkedin.com\/company\/axxiss"]}]}},"_links":{"self":[{"href":"https:\/\/www.axxiss.be\/index.php\/wp-json\/wp\/v2\/pages\/595","targetHints":{"allow":["GET"]}}],"collection":[{"href":"https:\/\/www.axxiss.be\/index.php\/wp-json\/wp\/v2\/pages"}],"about":[{"href":"https:\/\/www.axxiss.be\/index.php\/wp-json\/wp\/v2\/types\/page"}],"author":[{"embeddable":true,"href":"https:\/\/www.axxiss.be\/index.php\/wp-json\/wp\/v2\/users\/1"}],"replies":[{"embeddable":true,"href":"https:\/\/www.axxiss.be\/index.php\/wp-json\/wp\/v2\/comments?post=595"}],"version-history":[{"count":17,"href":"https:\/\/www.axxiss.be\/index.php\/wp-json\/wp\/v2\/pages\/595\/revisions"}],"predecessor-version":[{"id":4774,"href":"https:\/\/www.axxiss.be\/index.php\/wp-json\/wp\/v2\/pages\/595\/revisions\/4774"}],"wp:attachment":[{"href":"https:\/\/www.axxiss.be\/index.php\/wp-json\/wp\/v2\/media?parent=595"}],"curies":[{"name":"wp","href":"https:\/\/api.w.org\/{rel}","templated":true}]}}